{"id":1728,"date":"2023-04-06T08:08:19","date_gmt":"2023-04-06T08:08:19","guid":{"rendered":"https:\/\/kzs-shows.eu\/?page_id=1728"},"modified":"2025-10-16T10:55:43","modified_gmt":"2025-10-16T10:55:43","slug":"prodajne-stojnice","status":"publish","type":"page","link":"https:\/\/kzs-shows.eu\/en\/prodajne-stojnice\/","title":{"rendered":"Stands"},"content":{"rendered":"<div data-elementor-type=\"wp-page\" data-elementor-id=\"1728\" class=\"elementor elementor-1728\" data-elementor-post-type=\"page\">\n\t\t\t\t\t\t<section class=\"elementor-section elementor-top-section elementor-element elementor-element-2ee519f elementor-section-boxed elementor-section-height-default elementor-section-height-default\" data-id=\"2ee519f\" data-element_type=\"section\" data-e-type=\"section\" data-settings=\"{&quot;background_background&quot;:&quot;classic&quot;,&quot;shape_divider_bottom&quot;:&quot;triangle-asymmetrical&quot;}\">\n\t\t\t\t\t\t\t<div class=\"elementor-background-overlay\"><\/div>\n\t\t\t\t\t\t<div class=\"elementor-shape elementor-shape-bottom\" aria-hidden=\"true\" data-negative=\"false\">\n\t\t\t<svg xmlns=\"http:\/\/www.w3.org\/2000\/svg\" viewbox=\"0 0 1000 100\" preserveaspectratio=\"none\">\n\t<path class=\"elementor-shape-fill\" d=\"M738,99l262-93V0H0v5.6L738,99z\"\/>\n<\/svg>\t\t<\/div>\n\t\t\t\t\t<div class=\"elementor-container elementor-column-gap-no\">\n\t\t\t\t\t<div class=\"elementor-column elementor-col-100 elementor-top-column elementor-element elementor-element-3554bce\" data-id=\"3554bce\" data-element_type=\"column\" data-e-type=\"column\">\n\t\t\t<div class=\"elementor-widget-wrap elementor-element-populated\">\n\t\t\t\t\t\t<div class=\"elementor-element elementor-element-9b735d0 elementor-widget elementor-widget-heading\" data-id=\"9b735d0\" data-element_type=\"widget\" data-e-type=\"widget\" data-widget_type=\"heading.default\">\n\t\t\t\t<div class=\"elementor-widget-container\">\n\t\t\t\t\t<h1 class=\"elementor-heading-title elementor-size-default\">Stands<\/h1>\t\t\t\t<\/div>\n\t\t\t\t<\/div>\n\t\t\t\t\t<\/div>\n\t\t<\/div>\n\t\t\t\t\t<\/div>\n\t\t<\/section>\n\t\t\t\t<section class=\"elementor-section elementor-top-section elementor-element elementor-element-912691f elementor-section-boxed elementor-section-height-default elementor-section-height-default\" data-id=\"912691f\" data-element_type=\"section\" data-e-type=\"section\">\n\t\t\t\t\t\t<div class=\"elementor-container elementor-column-gap-default\">\n\t\t\t\t\t<div class=\"elementor-column elementor-col-100 elementor-top-column elementor-element elementor-element-a3ec025\" data-id=\"a3ec025\" data-element_type=\"column\" data-e-type=\"column\">\n\t\t\t<div class=\"elementor-widget-wrap elementor-element-populated\">\n\t\t\t\t\t\t<div class=\"elementor-element elementor-element-4c6b495 elementor-widget elementor-widget-text-editor\" data-id=\"4c6b495\" data-element_type=\"widget\" data-e-type=\"widget\" data-widget_type=\"text-editor.default\">\n\t\t\t\t<div class=\"elementor-widget-container\">\n\t\t\t\t\t\t\t\t\t<p>Dear partners<\/p><p>You are welcome to join us with your comercial stand on our KZS Winner Shows in Celje Fair.<\/p><p>We are organising 4 shows in 3 days (3x CACIB, 1x CAC)<\/p><p>We are publishing the\u00a0<a href=\"https:\/\/kzs-shows.eu\/wp-content\/uploads\/2025\/10\/Stojnice-Stands-2026-1.pdf\"><strong>ENTRY FORM<\/strong><\/a>which should be sent to <strong><a href=\"mailto:sekretarkzs@kinoloska.si\">sekretarkzs@kinoloska.si<\/a><\/strong> by 6.1.2026 latest. <strong>PLEASE MARK IF YOU NEED ELECTRICITY ON THE ENTRY FORM.<\/strong><\/p>\t\t\t\t\t\t\t\t<\/div>\n\t\t\t\t<\/div>\n\t\t\t\t\t<\/div>\n\t\t<\/div>\n\t\t\t\t\t<\/div>\n\t\t<\/section>\n\t\t\t\t<section class=\"elementor-section elementor-top-section elementor-element elementor-element-f5d5f9d elementor-hidden-desktop elementor-hidden-tablet elementor-hidden-mobile elementor-section-boxed elementor-section-height-default elementor-section-height-default\" data-id=\"f5d5f9d\" data-element_type=\"section\" data-e-type=\"section\" data-settings=\"{&quot;background_background&quot;:&quot;classic&quot;}\">\n\t\t\t\t\t\t<div class=\"elementor-container elementor-column-gap-no\">\n\t\t\t\t\t<div class=\"elementor-column elementor-col-100 elementor-top-column elementor-element elementor-element-fdc1dfa\" data-id=\"fdc1dfa\" data-element_type=\"column\" data-e-type=\"column\">\n\t\t\t<div class=\"elementor-widget-wrap elementor-element-populated\">\n\t\t\t\t\t\t<div class=\"elementor-element elementor-element-65192ac elementor-widget elementor-widget-text-editor\" data-id=\"65192ac\" data-element_type=\"widget\" data-e-type=\"widget\" data-widget_type=\"text-editor.default\">\n\t\t\t\t<div class=\"elementor-widget-container\">\n\t\t\t\t\t\t\t\t\t<p>Dear partners<\/p><p>we are inviting you to our shows on 13.-14.1.2024 with your stand.<\/p><p>We are organising 3 shows in 2 days, saturday, 2 shows between 8:30 and 21:00 and sunday show from 9:30 to 17:00.<\/p><p>We are publishing the entryform for the Stands, which you should please return <strong>najkasneje do 28.12.2023<\/strong> to <span style=\"color: #3366ff;\"><a style=\"color: #3366ff;\" href=\"mailto:sekretarkzs@kinoloska.si\"><strong>sekretarkzs@kinoloska.si<\/strong><\/a><\/span> . PLEASE MARK ON THE ENTRYFORM IF YOU NEED ELECTRICITY.<\/p><p><a href=\"https:\/\/kzs-shows.eu\/wp-content\/uploads\/2023\/11\/stojnice_2024.pdf\"><strong>ENTRY FORM FOR A STAND<\/strong><\/a><\/p>\t\t\t\t\t\t\t\t<\/div>\n\t\t\t\t<\/div>\n\t\t\t\t\t<\/div>\n\t\t<\/div>\n\t\t\t\t\t<\/div>\n\t\t<\/section>\n\t\t\t\t<section class=\"elementor-section elementor-top-section elementor-element elementor-element-ee6684f elementor-hidden-desktop elementor-hidden-tablet elementor-hidden-mobile elementor-section-boxed elementor-section-height-default elementor-section-height-default\" data-id=\"ee6684f\" data-element_type=\"section\" data-e-type=\"section\" data-settings=\"{&quot;background_background&quot;:&quot;classic&quot;}\">\n\t\t\t\t\t\t<div class=\"elementor-container elementor-column-gap-no\">\n\t\t\t\t\t<div class=\"elementor-column elementor-col-100 elementor-top-column elementor-element elementor-element-a79a85f\" data-id=\"a79a85f\" data-element_type=\"column\" data-e-type=\"column\">\n\t\t\t<div class=\"elementor-widget-wrap elementor-element-populated\">\n\t\t\t\t\t\t<div class=\"elementor-element elementor-element-36350cf elementor-widget__width-auto elementor-widget elementor-widget-heading\" data-id=\"36350cf\" data-element_type=\"widget\" data-e-type=\"widget\" data-widget_type=\"heading.default\">\n\t\t\t\t<div class=\"elementor-widget-container\">\n\t\t\t\t\t<h6 class=\"elementor-heading-title elementor-size-default\">Message Us<\/h6>\t\t\t\t<\/div>\n\t\t\t\t<\/div>\n\t\t\t\t<div class=\"elementor-element elementor-element-5280ad8 elementor-widget__width-auto elementor-widget-divider--view-line elementor-widget elementor-widget-divider\" data-id=\"5280ad8\" data-element_type=\"widget\" data-e-type=\"widget\" data-widget_type=\"divider.default\">\n\t\t\t\t<div class=\"elementor-widget-container\">\n\t\t\t\t\t\t\t<div class=\"elementor-divider\">\n\t\t\t<span class=\"elementor-divider-separator\">\n\t\t\t\t\t\t<\/span>\n\t\t<\/div>\n\t\t\t\t\t\t<\/div>\n\t\t\t\t<\/div>\n\t\t\t\t<div class=\"elementor-element elementor-element-692b4e1 elementor-widget elementor-widget-heading\" data-id=\"692b4e1\" data-element_type=\"widget\" data-e-type=\"widget\" data-widget_type=\"heading.default\">\n\t\t\t\t<div class=\"elementor-widget-container\">\n\t\t\t\t\t<h2 class=\"elementor-heading-title elementor-size-default\">Get in Touch <\/h2>\t\t\t\t<\/div>\n\t\t\t\t<\/div>\n\t\t\t\t<div class=\"elementor-element elementor-element-12eb325 elementor-widget elementor-widget-image\" data-id=\"12eb325\" data-element_type=\"widget\" data-e-type=\"widget\" data-widget_type=\"image.default\">\n\t\t\t\t<div class=\"elementor-widget-container\">\n\t\t\t\t\t\t\t\t\t\t\t\t\t\t\t<img fetchpriority=\"high\" decoding=\"async\" width=\"300\" height=\"300\" src=\"https:\/\/kzs-shows.eu\/wp-content\/uploads\/2023\/03\/logo100showsfinal-300x300.png\" class=\"attachment-medium size-medium wp-image-1481\" alt=\"\" srcset=\"https:\/\/kzs-shows.eu\/wp-content\/uploads\/2023\/03\/logo100showsfinal-300x300.png 300w, https:\/\/kzs-shows.eu\/wp-content\/uploads\/2023\/03\/logo100showsfinal-1024x1024.png 1024w, https:\/\/kzs-shows.eu\/wp-content\/uploads\/2023\/03\/logo100showsfinal-150x150.png 150w, https:\/\/kzs-shows.eu\/wp-content\/uploads\/2023\/03\/logo100showsfinal-768x768.png 768w, https:\/\/kzs-shows.eu\/wp-content\/uploads\/2023\/03\/logo100showsfinal.png 1500w\" sizes=\"(max-width: 300px) 100vw, 300px\" \/>\t\t\t\t\t\t\t\t\t\t\t\t\t\t\t<\/div>\n\t\t\t\t<\/div>\n\t\t\t\t<div class=\"elementor-element elementor-element-badb9d8 elementor-widget elementor-widget-text-editor\" data-id=\"badb9d8\" data-element_type=\"widget\" data-e-type=\"widget\" data-widget_type=\"text-editor.default\">\n\t\t\t\t<div class=\"elementor-widget-container\">\n\t\t\t\t\t\t\t\t\t<p>Contact for exhibitors: question regarding registration, payment and general show info: <strong>shows@kinoloska.si<\/strong><\/p><p>Contact for judges: <strong>100@kinoloska.si<\/strong><\/p><p>Contact for stands: <strong>sekretarkzs@kinoloska.si<\/strong><\/p>\t\t\t\t\t\t\t\t<\/div>\n\t\t\t\t<\/div>\n\t\t\t\t\t<\/div>\n\t\t<\/div>\n\t\t\t\t\t<\/div>\n\t\t<\/section>\n\t\t\t\t<\/div>","protected":false},"excerpt":{"rendered":"<p>Prodajne stojnice Spo\u0161tovani partnerji, Vabimo vas k sodelovanju na prireditvah na Celjskem sejmu v terminu 16.-18.1.2026 z va\u0161o prodajno stojnico. V treh dneh bomo organizirali 4 razstave (3x CACIB, 1x CAC). Objavljamo\u00a0PRIJAVNICO, ki nam jo prosim po\u0161ljite na sekretarkzs@kinoloska.si najkasneje do 6.1.2026. PROSIMO, DA NA PRIJAVNICI OZNA\u010cITE ALI POTREBUJETE ELEKTRI\u010cNI PRIKLJU\u010cEK. Spo\u0161tovani partnerji, vabimo vas [&hellip;]<\/p>\n","protected":false},"author":1,"featured_media":0,"parent":0,"menu_order":0,"comment_status":"closed","ping_status":"closed","template":"","meta":{"site-sidebar-layout":"no-sidebar","site-content-layout":"page-builder","ast-site-content-layout":"default","site-content-style":"default","site-sidebar-style":"default","ast-global-header-display":"","ast-banner-title-visibility":"","ast-main-header-display":"","ast-hfb-above-header-display":"","ast-hfb-below-header-display":"","ast-hfb-mobile-header-display":"","site-post-title":"disabled","ast-breadcrumbs-content":"disabled","ast-featured-img":"disabled","footer-sml-layout":"","ast-disable-related-posts":"","theme-transparent-header-meta":"enabled","adv-header-id-meta":"","stick-header-meta":"","header-above-stick-meta":"","header-main-stick-meta":"","header-below-stick-meta":"","astra-migrate-meta-layouts":"default","ast-page-background-enabled":"default","ast-page-background-meta":{"desktop":{"background-color":"","background-image":"","background-repeat":"repeat","background-position":"center center","background-size":"auto","background-attachment":"scroll","background-type":"","background-media":"","overlay-type":"","overlay-color":"","overlay-opacity":"","overlay-gradient":""},"tablet":{"background-color":"","background-image":"","background-repeat":"repeat","background-position":"center center","background-size":"auto","background-attachment":"scroll","background-type":"","background-media":"","overlay-type":"","overlay-color":"","overlay-opacity":"","overlay-gradient":""},"mobile":{"background-color":"","background-image":"","background-repeat":"repeat","background-position":"center center","background-size":"auto","background-attachment":"scroll","background-type":"","background-media":"","overlay-type":"","overlay-color":"","overlay-opacity":"","overlay-gradient":""}},"ast-content-background-meta":{"desktop":{"background-color":"var(--ast-global-color-5)","background-image":"","background-repeat":"repeat","background-position":"center center","background-size":"auto","background-attachment":"scroll","background-type":"","background-media":"","overlay-type":"","overlay-color":"","overlay-opacity":"","overlay-gradient":""},"tablet":{"background-color":"var(--ast-global-color-5)","background-image":"","background-repeat":"repeat","background-position":"center center","background-size":"auto","background-attachment":"scroll","background-type":"","background-media":"","overlay-type":"","overlay-color":"","overlay-opacity":"","overlay-gradient":""},"mobile":{"background-color":"var(--ast-global-color-5)","background-image":"","background-repeat":"repeat","background-position":"center center","background-size":"auto","background-attachment":"scroll","background-type":"","background-media":"","overlay-type":"","overlay-color":"","overlay-opacity":"","overlay-gradient":""}},"footnotes":""},"class_list":["post-1728","page","type-page","status-publish","hentry"],"_links":{"self":[{"href":"https:\/\/kzs-shows.eu\/en\/wp-json\/wp\/v2\/pages\/1728","targetHints":{"allow":["GET"]}}],"collection":[{"href":"https:\/\/kzs-shows.eu\/en\/wp-json\/wp\/v2\/pages"}],"about":[{"href":"https:\/\/kzs-shows.eu\/en\/wp-json\/wp\/v2\/types\/page"}],"author":[{"embeddable":true,"href":"https:\/\/kzs-shows.eu\/en\/wp-json\/wp\/v2\/users\/1"}],"replies":[{"embeddable":true,"href":"https:\/\/kzs-shows.eu\/en\/wp-json\/wp\/v2\/comments?post=1728"}],"version-history":[{"count":51,"href":"https:\/\/kzs-shows.eu\/en\/wp-json\/wp\/v2\/pages\/1728\/revisions"}],"predecessor-version":[{"id":2326,"href":"https:\/\/kzs-shows.eu\/en\/wp-json\/wp\/v2\/pages\/1728\/revisions\/2326"}],"wp:attachment":[{"href":"https:\/\/kzs-shows.eu\/en\/wp-json\/wp\/v2\/media?parent=1728"}],"curies":[{"name":"wp","href":"https:\/\/api.w.org\/{rel}","templated":true}]}}